{"id":2490,"date":"2025-10-27T22:07:17","date_gmt":"2025-10-28T02:07:17","guid":{"rendered":"https:\/\/etnikas.cl\/index.php\/producto\/desayuno-buenos-dias\/"},"modified":"2025-10-27T22:11:31","modified_gmt":"2025-10-28T02:11:31","slug":"desayuno-buenos-dias","status":"publish","type":"product","link":"https:\/\/etnikas.cl\/index.php\/producto\/desayuno-buenos-dias\/","title":{"rendered":"Desayuno \u201cBuenos d\u00edas\u201d"},"content":{"rendered":"<p>Desayunos se agenda con 1 d\u00eda de anticipaci\u00f3n.<\/p>\n<p>Imagen referencial<\/p>\n<p>Nuestro exquisito desayuno preparado con los mejores ingredientes y amor<\/p>\n<p>Que contiene este Box?<\/p>\n<p>\u2022Jug\u00f3 natural<\/p>\n<p>\u2022Yogurt trozos frutas con o sin lactosa<\/p>\n<p>\u2022Frasco snack a elecci\u00f3n (frutos secos &#8211; man\u00ed japon\u00e9s &#8211; man\u00ed confitado &#8211; bolitas chocolate)<\/p>\n<p>\u2022Dulce a elecci\u00f3n (Muffin frambuesa Lim\u00f3n &#8211; Alfajor mazap\u00e1n r\u00fastico almendras &#8211; Brownie fudge &#8211; 2 barquillos manjar blanco)<\/p>\n<p>\u2022Sandwich a elecci\u00f3n (Cl\u00e1sico barros jarpa &#8211; Vegetariano &#8211; Huevo revuelto)<\/p>\n","protected":false},"excerpt":{"rendered":"<p>Desayunos se agenda con 1 d\u00eda de anticipaci\u00f3n. Imagen referencial Nuestro exquisito desayuno preparado con los mejores ingredientes y amor Que contiene este Box? \u2022Jug\u00f3 natural \u2022Yogurt trozos frutas con o sin lactosa \u2022Frasco snack a elecci\u00f3n (frutos secos &#8211; man\u00ed japon\u00e9s &#8211; man\u00ed confitado &#8211; bolitas chocolate) \u2022Dulce a elecci\u00f3n (Muffin frambuesa Lim\u00f3n &#8211; [&hellip;]<\/p>\n","protected":false},"featured_media":2488,"comment_status":"open","ping_status":"closed","template":"","meta":{"_monsterinsights_skip_tracking":false,"_monsterinsights_sitenote_active":false,"_monsterinsights_sitenote_note":"","_monsterinsights_sitenote_category":0,"_joinchat":[]},"product_brand":[],"product_cat":[47],"product_tag":[],"class_list":{"0":"post-2490","1":"product","2":"type-product","3":"status-publish","4":"has-post-thumbnail","6":"product_cat-desayunos-lataza","8":"first","9":"instock","10":"taxable","11":"shipping-taxable","12":"purchasable","13":"product-type-simple"},"aioseo_notices":[],"jetpack_sharing_enabled":true,"_links":{"self":[{"href":"https:\/\/etnikas.cl\/index.php\/wp-json\/wp\/v2\/product\/2490","targetHints":{"allow":["GET"]}}],"collection":[{"href":"https:\/\/etnikas.cl\/index.php\/wp-json\/wp\/v2\/product"}],"about":[{"href":"https:\/\/etnikas.cl\/index.php\/wp-json\/wp\/v2\/types\/product"}],"replies":[{"embeddable":true,"href":"https:\/\/etnikas.cl\/index.php\/wp-json\/wp\/v2\/comments?post=2490"}],"wp:featuredmedia":[{"embeddable":true,"href":"https:\/\/etnikas.cl\/index.php\/wp-json\/wp\/v2\/media\/2488"}],"wp:attachment":[{"href":"https:\/\/etnikas.cl\/index.php\/wp-json\/wp\/v2\/media?parent=2490"}],"wp:term":[{"taxonomy":"product_brand","embeddable":true,"href":"https:\/\/etnikas.cl\/index.php\/wp-json\/wp\/v2\/product_brand?post=2490"},{"taxonomy":"product_cat","embeddable":true,"href":"https:\/\/etnikas.cl\/index.php\/wp-json\/wp\/v2\/product_cat?post=2490"},{"taxonomy":"product_tag","embeddable":true,"href":"https:\/\/etnikas.cl\/index.php\/wp-json\/wp\/v2\/product_tag?post=2490"}],"curies":[{"name":"wp","href":"https:\/\/api.w.org\/{rel}","templated":true}]}}