{"id":2436,"date":"2025-08-24T22:52:31","date_gmt":"2025-08-25T02:52:31","guid":{"rendered":"https:\/\/etnikas.cl\/index.php\/producto\/caja-mix-12-alfajores\/"},"modified":"2025-11-15T17:08:13","modified_gmt":"2025-11-15T21:08:13","slug":"caja-mix-12-alfajores","status":"publish","type":"product","link":"https:\/\/etnikas.cl\/index.php\/producto\/caja-mix-12-alfajores\/","title":{"rendered":"Box dulce"},"content":{"rendered":"<p>Disfruta o regala una dulce caja llena de amor por el manjar y chocolate \ud83e\udef6\u2728<\/p>\n<p>Nuestra cajita incluye<\/p>\n<p>8 Barquillos mixtos de chocolate leche y blanco rellenos con manjar blanco<\/p>\n<p>6 Alfajores: 1 Mazap\u00e1n Almendra &#8211; 2 Bomb\u00f3n de man\u00ed -2 tradicional &#8211; 1 Avellana<\/p>\n","protected":false},"excerpt":{"rendered":"<p>Sorprende con este box de productos La Taza, un regalo lleno de amor por el chocolate.<\/p>\n<ul>\n<li>Mix 6 alfajores La Taza<\/li>\n<li>Mix 6 barquillos rellenos manjar blanco<\/li>\n<li>2 brownie fudge<\/li>\n<\/ul>\n","protected":false},"featured_media":2517,"comment_status":"open","ping_status":"closed","template":"","meta":{"_monsterinsights_skip_tracking":false,"_monsterinsights_sitenote_active":false,"_monsterinsights_sitenote_note":"","_monsterinsights_sitenote_category":0,"_joinchat":[]},"product_brand":[],"product_cat":[105],"product_tag":[],"class_list":{"0":"post-2436","1":"product","2":"type-product","3":"status-publish","4":"has-post-thumbnail","6":"product_cat-regalos","8":"first","9":"instock","10":"taxable","11":"shipping-taxable","12":"purchasable","13":"product-type-simple"},"aioseo_notices":[],"jetpack_sharing_enabled":true,"_links":{"self":[{"href":"https:\/\/etnikas.cl\/index.php\/wp-json\/wp\/v2\/product\/2436","targetHints":{"allow":["GET"]}}],"collection":[{"href":"https:\/\/etnikas.cl\/index.php\/wp-json\/wp\/v2\/product"}],"about":[{"href":"https:\/\/etnikas.cl\/index.php\/wp-json\/wp\/v2\/types\/product"}],"replies":[{"embeddable":true,"href":"https:\/\/etnikas.cl\/index.php\/wp-json\/wp\/v2\/comments?post=2436"}],"wp:featuredmedia":[{"embeddable":true,"href":"https:\/\/etnikas.cl\/index.php\/wp-json\/wp\/v2\/media\/2517"}],"wp:attachment":[{"href":"https:\/\/etnikas.cl\/index.php\/wp-json\/wp\/v2\/media?parent=2436"}],"wp:term":[{"taxonomy":"product_brand","embeddable":true,"href":"https:\/\/etnikas.cl\/index.php\/wp-json\/wp\/v2\/product_brand?post=2436"},{"taxonomy":"product_cat","embeddable":true,"href":"https:\/\/etnikas.cl\/index.php\/wp-json\/wp\/v2\/product_cat?post=2436"},{"taxonomy":"product_tag","embeddable":true,"href":"https:\/\/etnikas.cl\/index.php\/wp-json\/wp\/v2\/product_tag?post=2436"}],"curies":[{"name":"wp","href":"https:\/\/api.w.org\/{rel}","templated":true}]}}