{"id":1427,"date":"2024-04-24T14:42:03","date_gmt":"2024-04-24T18:42:03","guid":{"rendered":"https:\/\/etnikas.cl\/?post_type=product&#038;p=1427"},"modified":"2025-06-19T09:59:20","modified_gmt":"2025-06-19T13:59:20","slug":"baby-shower","status":"publish","type":"product","link":"https:\/\/etnikas.cl\/index.php\/producto\/baby-shower\/","title":{"rendered":"Baby Shower"},"content":{"rendered":"<ul>\n<li>Libreta personalizada para escribir buenos deseos &#8211; pegar fotograf\u00edas &#8211; escribir acontecimientos importantes durante meses &#8230;<\/li>\n<li>12 n\u00fameros personalizados para fotografiar mes a mes a beb\u00e9 con bolsa de lino<\/li>\n<li>Mensaje tarjeta + foto<\/li>\n<li>Caja decorada<\/li>\n<\/ul>\n","protected":false},"excerpt":{"rendered":"<p>Libreta personalizada para escribir buenos deseos &#8211; pegar fotograf\u00edas &#8211; escribir acontecimientos importantes durante meses &#8230; 12 n\u00fameros personalizados para fotografiar mes a mes a beb\u00e9 con bolsa de lino Mensaje tarjeta + foto Caja decorada<\/p>\n","protected":false},"featured_media":869,"comment_status":"open","ping_status":"closed","template":"","meta":{"_monsterinsights_skip_tracking":false,"_monsterinsights_sitenote_active":false,"_monsterinsights_sitenote_note":"","_monsterinsights_sitenote_category":0,"_joinchat":[]},"product_brand":[],"product_cat":[95],"product_tag":[],"class_list":{"0":"post-1427","1":"product","2":"type-product","3":"status-publish","4":"has-post-thumbnail","6":"product_cat-regalos-unisex","8":"first","9":"outofstock","10":"taxable","11":"shipping-taxable","12":"purchasable","13":"product-type-simple"},"aioseo_notices":[],"jetpack_sharing_enabled":true,"_links":{"self":[{"href":"https:\/\/etnikas.cl\/index.php\/wp-json\/wp\/v2\/product\/1427","targetHints":{"allow":["GET"]}}],"collection":[{"href":"https:\/\/etnikas.cl\/index.php\/wp-json\/wp\/v2\/product"}],"about":[{"href":"https:\/\/etnikas.cl\/index.php\/wp-json\/wp\/v2\/types\/product"}],"replies":[{"embeddable":true,"href":"https:\/\/etnikas.cl\/index.php\/wp-json\/wp\/v2\/comments?post=1427"}],"wp:featuredmedia":[{"embeddable":true,"href":"https:\/\/etnikas.cl\/index.php\/wp-json\/wp\/v2\/media\/869"}],"wp:attachment":[{"href":"https:\/\/etnikas.cl\/index.php\/wp-json\/wp\/v2\/media?parent=1427"}],"wp:term":[{"taxonomy":"product_brand","embeddable":true,"href":"https:\/\/etnikas.cl\/index.php\/wp-json\/wp\/v2\/product_brand?post=1427"},{"taxonomy":"product_cat","embeddable":true,"href":"https:\/\/etnikas.cl\/index.php\/wp-json\/wp\/v2\/product_cat?post=1427"},{"taxonomy":"product_tag","embeddable":true,"href":"https:\/\/etnikas.cl\/index.php\/wp-json\/wp\/v2\/product_tag?post=1427"}],"curies":[{"name":"wp","href":"https:\/\/api.w.org\/{rel}","templated":true}]}}