{"id":1145,"date":"2024-04-23T12:19:29","date_gmt":"2024-04-23T16:19:29","guid":{"rendered":"https:\/\/etnikas.cl\/?post_type=product&#038;p=1145"},"modified":"2025-10-27T22:13:41","modified_gmt":"2025-10-28T02:13:41","slug":"personaliza-desayuno-sorpresa-mini","status":"publish","type":"product","link":"https:\/\/etnikas.cl\/index.php\/producto\/personaliza-desayuno-sorpresa-mini\/","title":{"rendered":"Desayuno \u201cDulces d\u00edas\u201d"},"content":{"rendered":"<p>Imagen referencial<\/p>\n","protected":false},"excerpt":{"rendered":"<p>Desayunos se agenda con 1 d\u00eda de anticipaci\u00f3n.<\/p>\n<p>Imagen referencial<\/p>\n<p>Sorprende con nuestro dulce desayuno<\/p>\n<ul>\n<li>Taz\u00f3n personalizado<\/li>\n<li>Jugo botella vidrio<\/li>\n<li>Cappuccino fr\u00edo (lata)<\/li>\n<li>S\u00e1ndwich pan artesanal jam\u00f3n &#8211; queso mantecoso<\/li>\n<li>Brownie fudge con nueces<\/li>\n<li>Alfajor a elecci\u00f3n (tradicional &#8211; bomb\u00f3n de man\u00ed &#8211; mazap\u00e1n almendra)<\/li>\n<li>2 barquillos rellenos manjar blanco<\/li>\n<li>Frutos secos<\/li>\n<li>Tarjeta con mensaje personalizado<\/li>\n<\/ul>\n","protected":false},"featured_media":2468,"comment_status":"open","ping_status":"closed","template":"","meta":{"_monsterinsights_skip_tracking":false,"_monsterinsights_sitenote_active":false,"_monsterinsights_sitenote_note":"","_monsterinsights_sitenote_category":0,"_joinchat":[]},"product_brand":[],"product_cat":[47],"product_tag":[],"class_list":{"0":"post-1145","1":"product","2":"type-product","3":"status-publish","4":"has-post-thumbnail","6":"product_cat-desayunos-lataza","8":"first","9":"instock","10":"purchasable","11":"product-type-simple"},"aioseo_notices":[],"jetpack_sharing_enabled":true,"_links":{"self":[{"href":"https:\/\/etnikas.cl\/index.php\/wp-json\/wp\/v2\/product\/1145","targetHints":{"allow":["GET"]}}],"collection":[{"href":"https:\/\/etnikas.cl\/index.php\/wp-json\/wp\/v2\/product"}],"about":[{"href":"https:\/\/etnikas.cl\/index.php\/wp-json\/wp\/v2\/types\/product"}],"replies":[{"embeddable":true,"href":"https:\/\/etnikas.cl\/index.php\/wp-json\/wp\/v2\/comments?post=1145"}],"wp:featuredmedia":[{"embeddable":true,"href":"https:\/\/etnikas.cl\/index.php\/wp-json\/wp\/v2\/media\/2468"}],"wp:attachment":[{"href":"https:\/\/etnikas.cl\/index.php\/wp-json\/wp\/v2\/media?parent=1145"}],"wp:term":[{"taxonomy":"product_brand","embeddable":true,"href":"https:\/\/etnikas.cl\/index.php\/wp-json\/wp\/v2\/product_brand?post=1145"},{"taxonomy":"product_cat","embeddable":true,"href":"https:\/\/etnikas.cl\/index.php\/wp-json\/wp\/v2\/product_cat?post=1145"},{"taxonomy":"product_tag","embeddable":true,"href":"https:\/\/etnikas.cl\/index.php\/wp-json\/wp\/v2\/product_tag?post=1145"}],"curies":[{"name":"wp","href":"https:\/\/api.w.org\/{rel}","templated":true}]}}