{"id":1048,"date":"2024-04-22T23:54:36","date_gmt":"2024-04-22T23:54:36","guid":{"rendered":"https:\/\/etnikas.cl\/?page_id=1048"},"modified":"2025-09-01T16:34:17","modified_gmt":"2025-09-01T20:34:17","slug":"la-taza-2","status":"publish","type":"page","link":"https:\/\/etnikas.cl\/index.php\/la-taza-2\/","title":{"rendered":"La Taza"},"content":{"rendered":"\t\t<div data-elementor-type=\"wp-page\" data-elementor-id=\"1048\" class=\"elementor elementor-1048\">\n\t\t\t\t<div class=\"elementor-element elementor-element-14c8a35 e-flex e-con-boxed e-con e-parent\" data-id=\"14c8a35\" data-element_type=\"container\" data-e-type=\"container\">\n\t\t\t\t\t<div class=\"e-con-inner\">\n\t\t\t\t<div class=\"elementor-element elementor-element-723af1f elementor-widget elementor-widget-image\" data-id=\"723af1f\" data-element_type=\"widget\" data-e-type=\"widget\" data-widget_type=\"image.default\">\n\t\t\t\t<div class=\"elementor-widget-container\">\n\t\t\t\t\t\t\t\t\t\t\t\t\t\t\t<img decoding=\"async\" width=\"150\" height=\"150\" src=\"https:\/\/etnikas.cl\/wp-content\/uploads\/2025\/09\/Alfajor-tradicional-manjar-bombon-de-mani-1-150x150.png\" class=\"attachment-thumbnail size-thumbnail wp-image-2462 wp-post-image\" alt=\"\" srcset=\"https:\/\/etnikas.cl\/wp-content\/uploads\/2025\/09\/Alfajor-tradicional-manjar-bombon-de-mani-1-150x150.png 150w, https:\/\/etnikas.cl\/wp-content\/uploads\/2025\/09\/Alfajor-tradicional-manjar-bombon-de-mani-1-300x300.png 300w, https:\/\/etnikas.cl\/wp-content\/uploads\/2025\/09\/Alfajor-tradicional-manjar-bombon-de-mani-1-324x324.png 324w, https:\/\/etnikas.cl\/wp-content\/uploads\/2025\/09\/Alfajor-tradicional-manjar-bombon-de-mani-1-416x416.png 416w, https:\/\/etnikas.cl\/wp-content\/uploads\/2025\/09\/Alfajor-tradicional-manjar-bombon-de-mani-1-100x100.png 100w, https:\/\/etnikas.cl\/wp-content\/uploads\/2025\/09\/Alfajor-tradicional-manjar-bombon-de-mani-1.png 591w\" sizes=\"(max-width: 150px) 100vw, 150px\" \/>\t\t\t\t\t\t\t\t\t\t\t\t\t\t\t<\/div>\n\t\t\t\t<\/div>\n\t\t\t\t\t<\/div>\n\t\t\t\t<\/div>\n\t\t<div class=\"elementor-element elementor-element-246654a e-flex e-con-boxed e-con e-parent\" data-id=\"246654a\" data-element_type=\"container\" data-e-type=\"container\">\n\t\t\t\t\t<div class=\"e-con-inner\">\n\t\t\t\t<div class=\"elementor-element elementor-element-0cf69ac elementor-widget elementor-widget-etww-woo-products\" data-id=\"0cf69ac\" data-element_type=\"widget\" data-e-type=\"widget\" data-widget_type=\"etww-woo-products.default\">\n\t\t\t\t<div class=\"elementor-widget-container\">\n\t\t\t\t\t<div class=\"woocommerce columns-4\"><ul class=\"products columns-4\">\n<li class=\"product type-product post-2490 status-publish first instock product_cat-desayunos-lataza has-post-thumbnail taxable shipping-taxable purchasable product-type-simple\">\n\t<a href=\"https:\/\/etnikas.cl\/index.php\/producto\/desayuno-buenos-dias\/\" class=\"woocommerce-LoopProduct-link woocommerce-loop-product__link\"><img fetchpriority=\"high\" decoding=\"async\" width=\"324\" height=\"324\" src=\"https:\/\/etnikas.cl\/wp-content\/uploads\/2025\/10\/img_6969-324x324.jpeg\" class=\"attachment-woocommerce_thumbnail size-woocommerce_thumbnail wp-post-image\" alt=\"Desayuno \u201cBuenos d\u00edas\u201d\" srcset=\"https:\/\/etnikas.cl\/wp-content\/uploads\/2025\/10\/img_6969-324x324.jpeg 324w, https:\/\/etnikas.cl\/wp-content\/uploads\/2025\/10\/img_6969-150x150.jpeg 150w, https:\/\/etnikas.cl\/wp-content\/uploads\/2025\/10\/img_6969-100x100.jpeg 100w\" sizes=\"(max-width: 324px) 100vw, 324px\" \/><h2 class=\"woocommerce-loop-product__title\">Desayuno \u201cBuenos d\u00edas\u201d<\/h2>\n\t<span class=\"price\"><span class=\"woocommerce-Price-amount amount\"><bdi><span class=\"woocommerce-Price-currencySymbol\">&#36;<\/span>23.000<\/bdi><\/span> <small class=\"woocommerce-price-suffix\">IVA INCLUIDO<\/small><\/span>\n<\/a><a href=\"https:\/\/etnikas.cl\/wp-json\/wp\/v2\/pages\/1048\/?add-to-cart=2490\" aria-describedby=\"woocommerce_loop_add_to_cart_link_describedby_2490\" data-quantity=\"1\" class=\"button product_type_simple add_to_cart_button ajax_add_to_cart\" data-product_id=\"2490\" data-product_sku=\"\" aria-label=\"A\u00f1adir al carrito: &ldquo;Desayuno \u201cBuenos d\u00edas\u201d&rdquo;\" rel=\"nofollow\" data-success_message=\"\u00abDesayuno \u201cBuenos d\u00edas\u201d\u00bb se ha a\u00f1adido a tu carrito\">A\u00f1adir al carrito<\/a>\t<span id=\"woocommerce_loop_add_to_cart_link_describedby_2490\" class=\"screen-reader-text\">\n\t\t\t<\/span>\n<\/li>\n<li class=\"product type-product post-1145 status-publish instock product_cat-desayunos-lataza has-post-thumbnail purchasable product-type-simple\">\n\t<a href=\"https:\/\/etnikas.cl\/index.php\/producto\/personaliza-desayuno-sorpresa-mini\/\" class=\"woocommerce-LoopProduct-link woocommerce-loop-product__link\"><img decoding=\"async\" width=\"324\" height=\"324\" src=\"https:\/\/etnikas.cl\/wp-content\/uploads\/2024\/04\/img_1751-1-324x324.jpeg\" class=\"attachment-woocommerce_thumbnail size-woocommerce_thumbnail wp-post-image\" alt=\"Desayuno \u201cDulces d\u00edas\u201d\" srcset=\"https:\/\/etnikas.cl\/wp-content\/uploads\/2024\/04\/img_1751-1-324x324.jpeg 324w, https:\/\/etnikas.cl\/wp-content\/uploads\/2024\/04\/img_1751-1-150x150.jpeg 150w, https:\/\/etnikas.cl\/wp-content\/uploads\/2024\/04\/img_1751-1-100x100.jpeg 100w\" sizes=\"(max-width: 324px) 100vw, 324px\" \/><h2 class=\"woocommerce-loop-product__title\">Desayuno \u201cDulces d\u00edas\u201d<\/h2>\n\t<span class=\"price\"><span class=\"woocommerce-Price-amount amount\"><bdi><span class=\"woocommerce-Price-currencySymbol\">&#36;<\/span>27.000<\/bdi><\/span><\/span>\n<\/a><a href=\"https:\/\/etnikas.cl\/wp-json\/wp\/v2\/pages\/1048\/?add-to-cart=1145\" aria-describedby=\"woocommerce_loop_add_to_cart_link_describedby_1145\" data-quantity=\"1\" class=\"button product_type_simple add_to_cart_button ajax_add_to_cart\" data-product_id=\"1145\" data-product_sku=\"\" aria-label=\"A\u00f1adir al carrito: &ldquo;Desayuno \u201cDulces d\u00edas\u201d&rdquo;\" rel=\"nofollow\" data-success_message=\"\u00abDesayuno \u201cDulces d\u00edas\u201d\u00bb se ha a\u00f1adido a tu carrito\">A\u00f1adir al carrito<\/a>\t<span id=\"woocommerce_loop_add_to_cart_link_describedby_1145\" class=\"screen-reader-text\">\n\t\t\t<\/span>\n<\/li>\n<\/ul>\n<\/div>\t\t\t\t<\/div>\n\t\t\t\t<\/div>\n\t\t\t\t\t<\/div>\n\t\t\t\t<\/div>\n\t\t\t\t<\/div>\n\t\t","protected":false},"excerpt":{"rendered":"<p>Alfajor tradicional &#36;1.500 IVA INCLUIDO Seleccionar opciones Este producto tiene m\u00faltiples variantes. Las opciones se pueden elegir en la p\u00e1gina de producto Alfajor mazap\u00e1n r\u00fastico &#36;1.700 Seleccionar opciones Este producto tiene m\u00faltiples variantes. Las opciones se pueden elegir en la p\u00e1gina de producto Alfajor bomb\u00f3n de man\u00ed &#36;1.700 IVA INCLUIDO Seleccionar opciones Este producto tiene [&hellip;]<\/p>\n","protected":false},"author":1,"featured_media":0,"parent":0,"menu_order":0,"comment_status":"closed","ping_status":"closed","template":"","meta":{"_monsterinsights_skip_tracking":false,"_monsterinsights_sitenote_active":false,"_monsterinsights_sitenote_note":"","_monsterinsights_sitenote_category":0,"_joinchat":[],"footnotes":""},"class_list":["post-1048","page","type-page","status-publish","hentry"],"aioseo_notices":[],"jetpack_sharing_enabled":true,"_links":{"self":[{"href":"https:\/\/etnikas.cl\/index.php\/wp-json\/wp\/v2\/pages\/1048","targetHints":{"allow":["GET"]}}],"collection":[{"href":"https:\/\/etnikas.cl\/index.php\/wp-json\/wp\/v2\/pages"}],"about":[{"href":"https:\/\/etnikas.cl\/index.php\/wp-json\/wp\/v2\/types\/page"}],"author":[{"embeddable":true,"href":"https:\/\/etnikas.cl\/index.php\/wp-json\/wp\/v2\/users\/1"}],"replies":[{"embeddable":true,"href":"https:\/\/etnikas.cl\/index.php\/wp-json\/wp\/v2\/comments?post=1048"}],"version-history":[{"count":106,"href":"https:\/\/etnikas.cl\/index.php\/wp-json\/wp\/v2\/pages\/1048\/revisions"}],"predecessor-version":[{"id":1050,"href":"https:\/\/etnikas.cl\/index.php\/wp-json\/wp\/v2\/pages\/1048\/revisions\/1050"}],"wp:attachment":[{"href":"https:\/\/etnikas.cl\/index.php\/wp-json\/wp\/v2\/media?parent=1048"}],"curies":[{"name":"wp","href":"https:\/\/api.w.org\/{rel}","templated":true}]}}